{"id":3836,"date":"2024-11-22T06:41:41","date_gmt":"2024-11-22T05:41:41","guid":{"rendered":"https:\/\/azumahia.store\/?post_type=product&#038;p=3836"},"modified":"2024-11-28T14:53:39","modified_gmt":"2024-11-28T13:53:39","slug":"canon-dirrigation-femelle-1-reglable-portee-de-12-a-17-metres-arroseur-a-pistolet-de-pluie","status":"publish","type":"product","link":"https:\/\/azumahia.store\/ru\/produit\/canon-dirrigation-femelle-1-reglable-portee-de-12-a-17-metres-arroseur-a-pistolet-de-pluie\/","title":{"rendered":"Canon d&#8217;irrigation Femelle 1&#8221; r\u00e9glable, port\u00e9e de 12 \u00e0 17 m\u00e8tres. Arroseur \u00e0 pistolet de pluie"},"content":{"rendered":"<h4>Syst\u00e8me d&#8217;irrigation par aspersion de 1 &#8221;, arroseur de pistolet \u00e0 pluie.<\/h4>\n<p>Canon \u00e0 fonctionnement circulaire et secteurs \u00e0 r\u00e9gulation.<\/p>\n<p>Il est \u00e9quip\u00e9 de buses interchangeables et d&#8217;un jet avec r\u00e9gulation de p\u00e9n\u00e9tration, qui assure une pr\u00e9cipitation subtile et uniform\u00e9ment r\u00e9partie.<\/p>\n<p>Il convient \u00e0 tout type d&#8217;installation et convient aux terrains de toute nature et extension.<\/p>\n<p><strong>Caract\u00e9ristiques:<\/strong><\/p>\n<ul>\n<li>Port\u00e9e 12 \u00e0 17 m\u00e8tres.<\/li>\n<li>Pression 1,5 \u00e0 4 bars.<\/li>\n<li>Filetage femelle 1&#8243;.<\/li>\n<li>D\u00e9bit 20 &#8211; 60 l\/min.<\/li>\n<li>Mat\u00e9riau laiton et aluminium.<\/li>\n<li>Angle d&#8217;arrosage r\u00e9glable. Permet l&#8217;irrigation \u00e0 l&#8217;angle d\u00e9sir\u00e9.<\/li>\n<\/ul>\n","protected":false},"excerpt":{"rendered":"<div id=\"short_description_block\">\n<div id=\"short_description_content\" class=\"rte align_justify\">\n<p>Syst\u00e8me d&#8217;irrigation r\u00e9glable canon 1&#8243; femelle, port\u00e9e 12 \u00e0 17 m\u00e8tres, angle d&#8217;irrigation r\u00e9glable, permet l&#8217;irrigation \u00e0 l&#8217;angle d\u00e9sir\u00e9.<\/p>\n<\/div>\n<\/div>\n","protected":false},"featured_media":3837,"comment_status":"open","ping_status":"closed","template":"","meta":{"content-type":"","_kadence_starter_templates_imported_post":false},"product_brand":[],"product_cat":[46,45],"product_tag":[237],"class_list":{"0":"post-3836","1":"product","2":"type-product","3":"status-publish","4":"has-post-thumbnail","6":"product_cat-materiels-agricoles","7":"product_cat-outils-jardin","8":"product_tag-canon-d-irragtion","10":"first","11":"instock","12":"sale","13":"featured","14":"taxable","15":"shipping-taxable","16":"purchasable","17":"product-type-simple"},"translation":{"provider":"WPGlobus","version":"3.0.0","language":"ru","enabled_languages":["en","es","de","fr","ru"],"languages":{"en":{"title":true,"content":true,"excerpt":true},"es":{"title":false,"content":false,"excerpt":false},"de":{"title":false,"content":false,"excerpt":false},"fr":{"title":false,"content":false,"excerpt":false},"ru":{"title":false,"content":false,"excerpt":false}}},"jetpack_sharing_enabled":true,"_links":{"self":[{"href":"https:\/\/azumahia.store\/ru\/wp-json\/wp\/v2\/product\/3836","targetHints":{"allow":["GET"]}}],"collection":[{"href":"https:\/\/azumahia.store\/ru\/wp-json\/wp\/v2\/product"}],"about":[{"href":"https:\/\/azumahia.store\/ru\/wp-json\/wp\/v2\/types\/product"}],"replies":[{"embeddable":true,"href":"https:\/\/azumahia.store\/ru\/wp-json\/wp\/v2\/comments?post=3836"}],"wp:featuredmedia":[{"embeddable":true,"href":"https:\/\/azumahia.store\/ru\/wp-json\/wp\/v2\/media\/3837"}],"wp:attachment":[{"href":"https:\/\/azumahia.store\/ru\/wp-json\/wp\/v2\/media?parent=3836"}],"wp:term":[{"taxonomy":"product_brand","embeddable":true,"href":"https:\/\/azumahia.store\/ru\/wp-json\/wp\/v2\/product_brand?post=3836"},{"taxonomy":"product_cat","embeddable":true,"href":"https:\/\/azumahia.store\/ru\/wp-json\/wp\/v2\/product_cat?post=3836"},{"taxonomy":"product_tag","embeddable":true,"href":"https:\/\/azumahia.store\/ru\/wp-json\/wp\/v2\/product_tag?post=3836"}],"curies":[{"name":"wp","href":"https:\/\/api.w.org\/{rel}","templated":true}]}}