{"id":3831,"date":"2024-11-22T06:12:05","date_gmt":"2024-11-22T05:12:05","guid":{"rendered":"https:\/\/azumahia.store\/?post_type=product&#038;p=3831"},"modified":"2024-12-22T09:33:51","modified_gmt":"2024-12-22T08:33:51","slug":"canon-dirrigation-4-unites-1-a-portee-reglable-avec-4-buses-et-1-cle-de-reglage","status":"publish","type":"product","link":"https:\/\/azumahia.store\/ru\/produit\/canon-dirrigation-4-unites-1-a-portee-reglable-avec-4-buses-et-1-cle-de-reglage\/","title":{"rendered":"Canon d&#8217;irrigation (4 Unit\u00e9s) 1&#8221; \u00e0 port\u00e9e r\u00e9glable avec 4 buses et 1 cl\u00e9 de r\u00e9glage"},"content":{"rendered":"<h4>Syst\u00e8me d&#8217;irrigation par aspersion de 1 &#8221;, arroseur de pistolet \u00e0 pluie.<\/h4>\n<p>Canon \u00e0 fonctionnement circulaire et secteurs \u00e0 r\u00e9gulation.<\/p>\n<p>Il est \u00e9quip\u00e9 de buses interchangeables et d&#8217;un jet avec r\u00e9gulation de p\u00e9n\u00e9tration, qui assure une pr\u00e9cipitation subtile et uniform\u00e9ment r\u00e9partie.<\/p>\n<p>Il convient \u00e0 tout type d&#8217;installation et convient aux terrains de toute nature et de toute taille.<\/p>\n<p>Les arroseurs d&#8217;irrigation agricole comprennent une cl\u00e9 \u00e0 crochet &#8211; serrage et 4 buses de \u00d8 5, 6, 7 et 10<\/p>\n<p><strong>Caract\u00e9ristiques:<\/strong><\/p>\n<ul>\n<li>Port\u00e9e 12 \u00e0 17 m\u00e8tres.<\/li>\n<li>Pression 1,5 \u00e0 4 bars.<\/li>\n<li>Filetage femelle 1&#8243;.<\/li>\n<li>D\u00e9bit 20 &#8211; 60 l\/min.<\/li>\n<li>Mat\u00e9riau laiton et aluminium.<\/li>\n<li>Angle d&#8217;arrosage r\u00e9glable. Permet l&#8217;irrigation \u00e0 l&#8217;angle d\u00e9sir\u00e9.<\/li>\n<\/ul>\n","protected":false},"excerpt":{"rendered":"<div id=\"short_description_block\">\n<div id=\"short_description_content\" class=\"rte align_justify\">\n<p>Les arroseurs d&#8217;irrigation agricole comprennent une cl\u00e9 \u00e0 crochet &#8211; serrage et 4 buses de \u00d8 5, 6, 7 et 10<\/p>\n<\/div>\n<\/div>\n","protected":false},"featured_media":3832,"comment_status":"open","ping_status":"closed","template":"","meta":{"content-type":"","_kadence_starter_templates_imported_post":false},"product_brand":[],"product_cat":[46,45],"product_tag":[237],"class_list":{"0":"post-3831","1":"product","2":"type-product","3":"status-publish","4":"has-post-thumbnail","6":"product_cat-materiels-agricoles","7":"product_cat-outils-jardin","8":"product_tag-canon-d-irragtion","10":"first","11":"instock","12":"sale","13":"taxable","14":"shipping-taxable","15":"purchasable","16":"product-type-simple"},"translation":{"provider":"WPGlobus","version":"3.0.0","language":"ru","enabled_languages":["en","es","de","fr","ru"],"languages":{"en":{"title":true,"content":true,"excerpt":true},"es":{"title":false,"content":false,"excerpt":false},"de":{"title":false,"content":false,"excerpt":false},"fr":{"title":false,"content":false,"excerpt":false},"ru":{"title":false,"content":false,"excerpt":false}}},"jetpack_sharing_enabled":true,"_links":{"self":[{"href":"https:\/\/azumahia.store\/ru\/wp-json\/wp\/v2\/product\/3831","targetHints":{"allow":["GET"]}}],"collection":[{"href":"https:\/\/azumahia.store\/ru\/wp-json\/wp\/v2\/product"}],"about":[{"href":"https:\/\/azumahia.store\/ru\/wp-json\/wp\/v2\/types\/product"}],"replies":[{"embeddable":true,"href":"https:\/\/azumahia.store\/ru\/wp-json\/wp\/v2\/comments?post=3831"}],"wp:featuredmedia":[{"embeddable":true,"href":"https:\/\/azumahia.store\/ru\/wp-json\/wp\/v2\/media\/3832"}],"wp:attachment":[{"href":"https:\/\/azumahia.store\/ru\/wp-json\/wp\/v2\/media?parent=3831"}],"wp:term":[{"taxonomy":"product_brand","embeddable":true,"href":"https:\/\/azumahia.store\/ru\/wp-json\/wp\/v2\/product_brand?post=3831"},{"taxonomy":"product_cat","embeddable":true,"href":"https:\/\/azumahia.store\/ru\/wp-json\/wp\/v2\/product_cat?post=3831"},{"taxonomy":"product_tag","embeddable":true,"href":"https:\/\/azumahia.store\/ru\/wp-json\/wp\/v2\/product_tag?post=3831"}],"curies":[{"name":"wp","href":"https:\/\/api.w.org\/{rel}","templated":true}]}}