{"id":3889,"date":"2024-11-27T13:11:47","date_gmt":"2024-11-27T12:11:47","guid":{"rendered":"https:\/\/azumahia.store\/?post_type=product&#038;p=3889"},"modified":"2024-11-28T14:53:13","modified_gmt":"2024-11-28T13:53:13","slug":"kit-5-arroseurs-agricoles-sectoriels-1-2-5-pointes-porte-arroseur","status":"publish","type":"product","link":"https:\/\/azumahia.store\/fr\/produit\/kit-5-arroseurs-agricoles-sectoriels-1-2-5-pointes-porte-arroseur\/","title":{"rendered":"Kit 5 arroseurs agricoles sectoriels 1\/2\u00a0\u00bb + 5 pointes porte-arroseur"},"content":{"rendered":"<h4>Kit de 5 arroseurs d&rsquo;irrigation agricole de secteur 1\/2&Prime;, rotatifs r\u00e9glables et 5 pointes de support d&rsquo;arroseur.<\/h4>\n<p>Arroseur rotatif \u00e0 360\u00ba pour pelouse et jardin agricole \u00e0 faible d\u00e9bit, en plastique et acier inoxydable. Articulations rotatives \u00e0 haute r\u00e9sistance. Syst\u00e8me de tension de ressort r\u00e9glable pour faire varier la vitesse de rotation en fonction de la pression.<\/p>\n<p>Applications:<\/p>\n<p>Irrigation et germination de l\u00e9gumes, pommes de terre, fleurs et cultures de p\u00e9pini\u00e8re.<\/p>\n<p>Principales caract\u00e9ristiques:<\/p>\n<p>Distribution d&rsquo;eau haute avec espacement jusqu&rsquo;\u00e0 14 m.<\/p>\n<p>Palette de redressement de jet int\u00e9gr\u00e9e pour une port\u00e9e maximale<\/p>\n<p>Les mat\u00e9riaux plastiques sont r\u00e9sistants et r\u00e9sistants aux chocs, offrant une r\u00e9sistance \u00e0 la corrosion, aux produits chimiques et aux rayons ultraviolets.<\/p>\n<p><strong>Sp\u00e9cifications\u00a0:<\/strong><\/p>\n<p>Pression de travail : 0,8 &#8211; 2,0 bars.<\/p>\n<p>Distance de prise de vue : 10 &#8211; 14 m.<\/p>\n<p>D\u00e9bit : 1,5 \u2013 2,3 l\/min.<\/p>\n<p>Diam\u00e8tre de la buse\u00a0: 5,0\u00a0mm<\/p>\n<p>Angle d&rsquo;irrigation : 360\u00ba circulaire ou secteur r\u00e9glable.<\/p>\n<p>Taille du connecteur : connecteur m\u00e2le 1\/2&Prime;<\/p>\n<p>Mat\u00e9riau plastique.<\/p>\n<p>Articulations rotatives \u00e0 haute r\u00e9sistance.<\/p>\n<p>5 arroseurs agricoles sectoriels 1\/2&Prime;.<\/p>\n<p>Comprend 5 pointes de support d&rsquo;arroseur en plastique.<\/p>\n","protected":false},"excerpt":{"rendered":"<div id=\"short_description_block\">\n<div id=\"short_description_content\" class=\"rte align_justify\">\n<p>Arroseur \u00e0 impact agricole \u00e0 faible d\u00e9bit en plastique et acier inoxydable. Syst\u00e8me de tension de ressort r\u00e9glable pour faire varier la vitesse de rotation en fonction de la pression, distribution d&rsquo;eau \u00e9lev\u00e9e avec un espacement jusqu&rsquo;\u00e0 14 m, comprend une pointe de support d&rsquo;arroseur.<\/p>\n<\/div>\n<\/div>\n","protected":false},"featured_media":3890,"comment_status":"open","ping_status":"closed","template":"","meta":{"content-type":"","_kadence_starter_templates_imported_post":false},"product_brand":[],"product_cat":[46,45],"product_tag":[69],"class_list":{"0":"post-3889","1":"product","2":"type-product","3":"status-publish","4":"has-post-thumbnail","6":"product_cat-materiels-agricoles","7":"product_cat-outils-jardin","8":"product_tag-tuyaux-accessoires","10":"first","11":"instock","12":"sale","13":"featured","14":"taxable","15":"shipping-taxable","16":"purchasable","17":"product-type-simple"},"translation":{"provider":"WPGlobus","version":"3.0.0","language":"fr","enabled_languages":["en","es","de","fr","ru"],"languages":{"en":{"title":true,"content":true,"excerpt":true},"es":{"title":false,"content":false,"excerpt":false},"de":{"title":false,"content":false,"excerpt":false},"fr":{"title":false,"content":false,"excerpt":false},"ru":{"title":false,"content":false,"excerpt":false}}},"jetpack_sharing_enabled":true,"_links":{"self":[{"href":"https:\/\/azumahia.store\/fr\/wp-json\/wp\/v2\/product\/3889","targetHints":{"allow":["GET"]}}],"collection":[{"href":"https:\/\/azumahia.store\/fr\/wp-json\/wp\/v2\/product"}],"about":[{"href":"https:\/\/azumahia.store\/fr\/wp-json\/wp\/v2\/types\/product"}],"replies":[{"embeddable":true,"href":"https:\/\/azumahia.store\/fr\/wp-json\/wp\/v2\/comments?post=3889"}],"wp:featuredmedia":[{"embeddable":true,"href":"https:\/\/azumahia.store\/fr\/wp-json\/wp\/v2\/media\/3890"}],"wp:attachment":[{"href":"https:\/\/azumahia.store\/fr\/wp-json\/wp\/v2\/media?parent=3889"}],"wp:term":[{"taxonomy":"product_brand","embeddable":true,"href":"https:\/\/azumahia.store\/fr\/wp-json\/wp\/v2\/product_brand?post=3889"},{"taxonomy":"product_cat","embeddable":true,"href":"https:\/\/azumahia.store\/fr\/wp-json\/wp\/v2\/product_cat?post=3889"},{"taxonomy":"product_tag","embeddable":true,"href":"https:\/\/azumahia.store\/fr\/wp-json\/wp\/v2\/product_tag?post=3889"}],"curies":[{"name":"wp","href":"https:\/\/api.w.org\/{rel}","templated":true}]}}