{"id":3844,"date":"2024-11-27T10:11:51","date_gmt":"2024-11-27T09:11:51","guid":{"rendered":"https:\/\/azumahia.store\/?post_type=product&#038;p=3844"},"modified":"2024-11-27T10:11:51","modified_gmt":"2024-11-27T09:11:51","slug":"canon-dirrigation-k1-1-1-4-circulaire-portee-155-a-235-metres","status":"publish","type":"product","link":"https:\/\/azumahia.store\/fr\/produit\/canon-dirrigation-k1-1-1-4-circulaire-portee-155-a-235-metres\/","title":{"rendered":"Canon d&rsquo;irrigation K1 1 1\/4\u00a0\u00bb circulaire. Port\u00e9e 15,5 \u00e0 23,5 m\u00e8tres"},"content":{"rendered":"<p><strong>Canon d&rsquo;irrigation circulaire K1<\/strong><\/p>\n<p>Port\u00e9e de 15,5 \u00e0 23,5 m\u00e8tres.<\/p>\n<p>Pression de service 1,5 \u00e0 4 bars.<\/p>\n<p>Connexion 1 1\/4&Prime; femelle.<\/p>\n<p>&nbsp;<\/p>\n<p><span data-darkreader-inline-color=\"\"><strong>Caract\u00e9ristiques:<\/strong><\/span><\/p>\n<p>M\u00eame marque.<\/p>\n<p>Genre circulaire. Angle d&rsquo;\u00a0arrosage de\u00a0360\u00ba.<\/p>\n<p>Op\u00e9ration de course.<\/p>\n<p>Fait de m\u00e9tal.<\/p>\n<p>Diam\u00e8tre de connexion 1 1\/4&Prime; femelle.<\/p>\n","protected":false},"excerpt":{"rendered":"<p>Port\u00e9e de 15,5 \u00e0 23,5 m\u00e8tres.<\/p>\n<p>Pression de service 1,5 \u00e0 4 bars.<\/p>\n<p>Connexion 1 1\/4&Prime; femelle.<\/p>\n","protected":false},"featured_media":3846,"comment_status":"open","ping_status":"closed","template":"","meta":{"content-type":"","_kadence_starter_templates_imported_post":false},"product_brand":[],"product_cat":[46,45],"product_tag":[237],"class_list":{"0":"post-3844","1":"product","2":"type-product","3":"status-publish","4":"has-post-thumbnail","6":"product_cat-materiels-agricoles","7":"product_cat-outils-jardin","8":"product_tag-canon-d-irragtion","10":"first","11":"instock","12":"sale","13":"taxable","14":"shipping-taxable","15":"purchasable","16":"product-type-simple"},"translation":{"provider":"WPGlobus","version":"3.0.0","language":"fr","enabled_languages":["en","es","de","fr","ru"],"languages":{"en":{"title":true,"content":true,"excerpt":true},"es":{"title":false,"content":false,"excerpt":false},"de":{"title":false,"content":false,"excerpt":false},"fr":{"title":false,"content":false,"excerpt":false},"ru":{"title":false,"content":false,"excerpt":false}}},"jetpack_sharing_enabled":true,"_links":{"self":[{"href":"https:\/\/azumahia.store\/fr\/wp-json\/wp\/v2\/product\/3844","targetHints":{"allow":["GET"]}}],"collection":[{"href":"https:\/\/azumahia.store\/fr\/wp-json\/wp\/v2\/product"}],"about":[{"href":"https:\/\/azumahia.store\/fr\/wp-json\/wp\/v2\/types\/product"}],"replies":[{"embeddable":true,"href":"https:\/\/azumahia.store\/fr\/wp-json\/wp\/v2\/comments?post=3844"}],"wp:featuredmedia":[{"embeddable":true,"href":"https:\/\/azumahia.store\/fr\/wp-json\/wp\/v2\/media\/3846"}],"wp:attachment":[{"href":"https:\/\/azumahia.store\/fr\/wp-json\/wp\/v2\/media?parent=3844"}],"wp:term":[{"taxonomy":"product_brand","embeddable":true,"href":"https:\/\/azumahia.store\/fr\/wp-json\/wp\/v2\/product_brand?post=3844"},{"taxonomy":"product_cat","embeddable":true,"href":"https:\/\/azumahia.store\/fr\/wp-json\/wp\/v2\/product_cat?post=3844"},{"taxonomy":"product_tag","embeddable":true,"href":"https:\/\/azumahia.store\/fr\/wp-json\/wp\/v2\/product_tag?post=3844"}],"curies":[{"name":"wp","href":"https:\/\/api.w.org\/{rel}","templated":true}]}}