{"id":3839,"date":"2024-11-22T06:54:47","date_gmt":"2024-11-22T05:54:47","guid":{"rendered":"https:\/\/azumahia.store\/?post_type=product&#038;p=3839"},"modified":"2024-11-28T12:55:05","modified_gmt":"2024-11-28T11:55:05","slug":"canon-dirrigation-funny-1-circulaire-portee-125-a-195-metres","status":"publish","type":"product","link":"https:\/\/azumahia.store\/fr\/produit\/canon-dirrigation-funny-1-circulaire-portee-125-a-195-metres\/","title":{"rendered":"Canon d&rsquo;irrigation Funny 1\u00a0\u00bb circulaire. Port\u00e9e 12,5 \u00e0 19,5 m\u00e8tres"},"content":{"rendered":"<p><strong>Canon d&rsquo;irrigation Funny circulaire 360\u00ba<\/strong><\/p>\n<p>Port\u00e9e de 12,5 \u00e0 19,5 m\u00e8tres<\/p>\n<p>Pression de service 1,5 \u00e0 4 bars<\/p>\n<p>1 \u00ab\u00a0connexion femelle<\/p>\n<p>&nbsp;<\/p>\n<p><span data-darkreader-inline-color=\"\"><strong>Caract\u00e9ristiques<\/strong><\/span><\/p>\n<p>M\u00eame marque<\/p>\n<p>Genre circulaire<\/p>\n<p>Fonctionnement: Frappe<\/p>\n<p>D\u00e9bit maximum 12 l\/min<\/p>\n<p>Fait de m\u00e9tal<\/p>\n<p>Diam\u00e8tre de connexion 1&Prime; femelle<\/p>\n<p>Dimensions. 57x28x26<\/p>\n<p>Poids 0,63 kg<\/p>\n","protected":false},"excerpt":{"rendered":"<p>Port\u00e9e de 12,5 \u00e0 19,5 m\u00e8tres.<\/p>\n<p>Pression de service 1,5 \u00e0 4 bars.<\/p>\n<p>1&Prime; connexion femelle.<\/p>\n","protected":false},"featured_media":3840,"comment_status":"open","ping_status":"closed","template":"","meta":{"content-type":"","_kadence_starter_templates_imported_post":false},"product_brand":[],"product_cat":[46,45],"product_tag":[237],"class_list":{"0":"post-3839","1":"product","2":"type-product","3":"status-publish","4":"has-post-thumbnail","6":"product_cat-materiels-agricoles","7":"product_cat-outils-jardin","8":"product_tag-canon-d-irragtion","10":"first","11":"instock","12":"sale","13":"taxable","14":"shipping-taxable","15":"purchasable","16":"product-type-simple"},"translation":{"provider":"WPGlobus","version":"3.0.0","language":"fr","enabled_languages":["en","es","de","fr","ru"],"languages":{"en":{"title":true,"content":true,"excerpt":true},"es":{"title":false,"content":false,"excerpt":false},"de":{"title":false,"content":false,"excerpt":false},"fr":{"title":false,"content":false,"excerpt":false},"ru":{"title":false,"content":false,"excerpt":false}}},"jetpack_sharing_enabled":true,"_links":{"self":[{"href":"https:\/\/azumahia.store\/fr\/wp-json\/wp\/v2\/product\/3839","targetHints":{"allow":["GET"]}}],"collection":[{"href":"https:\/\/azumahia.store\/fr\/wp-json\/wp\/v2\/product"}],"about":[{"href":"https:\/\/azumahia.store\/fr\/wp-json\/wp\/v2\/types\/product"}],"replies":[{"embeddable":true,"href":"https:\/\/azumahia.store\/fr\/wp-json\/wp\/v2\/comments?post=3839"}],"wp:featuredmedia":[{"embeddable":true,"href":"https:\/\/azumahia.store\/fr\/wp-json\/wp\/v2\/media\/3840"}],"wp:attachment":[{"href":"https:\/\/azumahia.store\/fr\/wp-json\/wp\/v2\/media?parent=3839"}],"wp:term":[{"taxonomy":"product_brand","embeddable":true,"href":"https:\/\/azumahia.store\/fr\/wp-json\/wp\/v2\/product_brand?post=3839"},{"taxonomy":"product_cat","embeddable":true,"href":"https:\/\/azumahia.store\/fr\/wp-json\/wp\/v2\/product_cat?post=3839"},{"taxonomy":"product_tag","embeddable":true,"href":"https:\/\/azumahia.store\/fr\/wp-json\/wp\/v2\/product_tag?post=3839"}],"curies":[{"name":"wp","href":"https:\/\/api.w.org\/{rel}","templated":true}]}}