{"id":4009,"date":"2024-11-28T11:52:45","date_gmt":"2024-11-28T10:52:45","guid":{"rendered":"https:\/\/azumahia.store\/?post_type=product&#038;p=4009"},"modified":"2024-12-03T12:23:33","modified_gmt":"2024-12-03T11:23:33","slug":"tuyau-de-16-mm","status":"publish","type":"product","link":"https:\/\/azumahia.store\/es\/produit\/tuyau-de-16-mm\/","title":{"rendered":"Tuyau de 16 mm"},"content":{"rendered":"<h4><strong>Tube de 16 mm avec goutteurs int\u00e9gr\u00e9s<\/strong><\/h4>\n<p>Pipeline 16 mm avec goutteurs int\u00e9gr\u00e9s.<\/p>\n<p>Goutteurs turbulents avec un d\u00e9bit de 2,1 l \/ h.<\/p>\n<p>Epaisseur de paroi 1 mm.<\/p>\n<p>&nbsp;<\/p>\n<p><strong>Les caract\u00e9ristiques:<\/strong><\/p>\n<p>Mesurer 16 mm.<\/p>\n<p>Il est recommand\u00e9 d&#8217;utiliser ce tuyau avec une pression NON sup\u00e9rieure \u00e0 2,5 bar.<\/p>\n","protected":false},"excerpt":{"rendered":"<h4><strong>Tube de 16 mm<\/strong><\/h4>\n<p>Avec des goutteurs turbulents.<\/p>\n","protected":false},"featured_media":4015,"comment_status":"open","ping_status":"closed","template":"","meta":{"content-type":"","_kadence_starter_templates_imported_post":false},"product_brand":[],"product_cat":[46,52],"product_tag":[69],"class_list":{"0":"post-4009","1":"product","2":"type-product","3":"status-publish","4":"has-post-thumbnail","6":"product_cat-materiels-agricoles","7":"product_cat-outils-elevage","8":"product_tag-tuyaux-accessoires","9":"product_shipping_class-less-heavy-products","11":"first","12":"instock","13":"sale","14":"featured","15":"taxable","16":"shipping-taxable","17":"purchasable","18":"product-type-variable"},"translation":{"provider":"WPGlobus","version":"3.0.0","language":"es","enabled_languages":["en","es","de","fr","ru"],"languages":{"en":{"title":true,"content":true,"excerpt":true},"es":{"title":false,"content":false,"excerpt":false},"de":{"title":false,"content":false,"excerpt":false},"fr":{"title":false,"content":false,"excerpt":false},"ru":{"title":false,"content":false,"excerpt":false}}},"jetpack_sharing_enabled":true,"_links":{"self":[{"href":"https:\/\/azumahia.store\/es\/wp-json\/wp\/v2\/product\/4009","targetHints":{"allow":["GET"]}}],"collection":[{"href":"https:\/\/azumahia.store\/es\/wp-json\/wp\/v2\/product"}],"about":[{"href":"https:\/\/azumahia.store\/es\/wp-json\/wp\/v2\/types\/product"}],"replies":[{"embeddable":true,"href":"https:\/\/azumahia.store\/es\/wp-json\/wp\/v2\/comments?post=4009"}],"wp:featuredmedia":[{"embeddable":true,"href":"https:\/\/azumahia.store\/es\/wp-json\/wp\/v2\/media\/4015"}],"wp:attachment":[{"href":"https:\/\/azumahia.store\/es\/wp-json\/wp\/v2\/media?parent=4009"}],"wp:term":[{"taxonomy":"product_brand","embeddable":true,"href":"https:\/\/azumahia.store\/es\/wp-json\/wp\/v2\/product_brand?post=4009"},{"taxonomy":"product_cat","embeddable":true,"href":"https:\/\/azumahia.store\/es\/wp-json\/wp\/v2\/product_cat?post=4009"},{"taxonomy":"product_tag","embeddable":true,"href":"https:\/\/azumahia.store\/es\/wp-json\/wp\/v2\/product_tag?post=4009"}],"curies":[{"name":"wp","href":"https:\/\/api.w.org\/{rel}","templated":true}]}}