{"id":3961,"date":"2024-11-27T17:13:58","date_gmt":"2024-11-27T16:13:58","guid":{"rendered":"https:\/\/azumahia.store\/?post_type=product&#038;p=3961"},"modified":"2024-11-27T17:13:58","modified_gmt":"2024-11-27T16:13:58","slug":"support-de-trepied-en-acier-pour-gicleurs-males-de-2","status":"publish","type":"product","link":"https:\/\/azumahia.store\/es\/produit\/support-de-trepied-en-acier-pour-gicleurs-males-de-2\/","title":{"rendered":"Support de tr\u00e9pied en acier pour gicleurs M\u00e2les de 2&#8221;"},"content":{"rendered":"<h4><strong>Support de tr\u00e9pied en acier pour gicleurs m\u00e2les de 2&#8243;<\/strong><\/h4>\n<p>Utilis\u00e9 dans les installations d&#8217;irrigation agricole pour le placement d&#8217;arroseurs et de canons d&#8217;irrigation.<\/p>\n<p>&nbsp;<\/p>\n<p><strong>Les caract\u00e9ristiques:<\/strong><\/p>\n<p>Hauteur 90 cm.<\/p>\n<p>Filetage filetage m\u00e2le 2 &#8220;.<\/p>\n<p>Fait de m\u00e9tal.<\/p>\n","protected":false},"excerpt":{"rendered":"<p>Hauteur 90 cm.<\/p>\n<p>Filetage m\u00e2le 2 &#8220;.<\/p>\n<p>Fait d&#8217;acier.<\/p>\n","protected":false},"featured_media":3962,"comment_status":"open","ping_status":"closed","template":"","meta":{"content-type":"","_kadence_starter_templates_imported_post":false},"product_brand":[],"product_cat":[46,45],"product_tag":[69],"class_list":{"0":"post-3961","1":"product","2":"type-product","3":"status-publish","4":"has-post-thumbnail","6":"product_cat-materiels-agricoles","7":"product_cat-outils-jardin","8":"product_tag-tuyaux-accessoires","10":"first","11":"instock","12":"sale","13":"taxable","14":"shipping-taxable","15":"purchasable","16":"product-type-simple"},"translation":{"provider":"WPGlobus","version":"3.0.0","language":"es","enabled_languages":["en","es","de","fr","ru"],"languages":{"en":{"title":true,"content":true,"excerpt":true},"es":{"title":false,"content":false,"excerpt":false},"de":{"title":false,"content":false,"excerpt":false},"fr":{"title":false,"content":false,"excerpt":false},"ru":{"title":false,"content":false,"excerpt":false}}},"jetpack_sharing_enabled":true,"_links":{"self":[{"href":"https:\/\/azumahia.store\/es\/wp-json\/wp\/v2\/product\/3961","targetHints":{"allow":["GET"]}}],"collection":[{"href":"https:\/\/azumahia.store\/es\/wp-json\/wp\/v2\/product"}],"about":[{"href":"https:\/\/azumahia.store\/es\/wp-json\/wp\/v2\/types\/product"}],"replies":[{"embeddable":true,"href":"https:\/\/azumahia.store\/es\/wp-json\/wp\/v2\/comments?post=3961"}],"wp:featuredmedia":[{"embeddable":true,"href":"https:\/\/azumahia.store\/es\/wp-json\/wp\/v2\/media\/3962"}],"wp:attachment":[{"href":"https:\/\/azumahia.store\/es\/wp-json\/wp\/v2\/media?parent=3961"}],"wp:term":[{"taxonomy":"product_brand","embeddable":true,"href":"https:\/\/azumahia.store\/es\/wp-json\/wp\/v2\/product_brand?post=3961"},{"taxonomy":"product_cat","embeddable":true,"href":"https:\/\/azumahia.store\/es\/wp-json\/wp\/v2\/product_cat?post=3961"},{"taxonomy":"product_tag","embeddable":true,"href":"https:\/\/azumahia.store\/es\/wp-json\/wp\/v2\/product_tag?post=3961"}],"curies":[{"name":"wp","href":"https:\/\/api.w.org\/{rel}","templated":true}]}}