{"id":3849,"date":"2024-11-27T10:56:43","date_gmt":"2024-11-27T09:56:43","guid":{"rendered":"https:\/\/azumahia.store\/?post_type=product&#038;p=3849"},"modified":"2024-11-28T14:51:54","modified_gmt":"2024-11-28T13:51:54","slug":"canon-dirrigation-orientable-1-1-2-modele-grandes-portees-diametre-couvert-24-a-60m","status":"publish","type":"product","link":"https:\/\/azumahia.store\/es\/produit\/canon-dirrigation-orientable-1-1-2-modele-grandes-portees-diametre-couvert-24-a-60m\/","title":{"rendered":"Canon d&#8217;irrigation orientable 1 1\/2&#8221;. Mod\u00e8le grandes port\u00e9es, diam\u00e8tre couvert 24 \u00e0 60 m\u00e8tres"},"content":{"rendered":"<h4><b>Canon d&#8217;irrigation r\u00e9glable 0-360\u00ba. Filetage de 1 1\/2&#8243;. Mod\u00e8le d&#8217;arroseur agricole pour longues port\u00e9es.<\/b><\/h4>\n<p>Arroseur d&#8217;eau filet\u00e9 1 1\/2&#8243;,\u00a0diam\u00e8tre couvert 24 \u00e0 60m\u00a0. Angle d&#8217;irrigation r\u00e9glable de 0 \u00e0 360\u00ba. Arroseur de haute qualit\u00e9 en plastique et acier inoxydable. Joints de rotation \u00e0 haute r\u00e9sistance.<\/p>\n<p>Syst\u00e8me de tension de ressort r\u00e9glable pour faire varier la vitesse de rotation en fonction de la pression.<\/p>\n<p><strong>Sp\u00e9cifications\u00a0:<\/strong><\/p>\n<ul>\n<li>Diam\u00e8tre couvert : 24 \u00e0 60m.<\/li>\n<li>Connecteur : Standard 1-1\/2&#8243; femelle.<\/li>\n<li>Pression de travail : 1,5 \u00e0 3,5 bars.<\/li>\n<li>D\u00e9bit : 78,3 \u00e0 118 l\/min.<\/li>\n<li>Composants : En plastique. Articulations rotatives \u00e0 haute r\u00e9sistance.<\/li>\n<li>Grande polyvalence : Angle d&#8217;arrosage r\u00e9glable de 0 \u00e0 360\u00ba.<\/li>\n<\/ul>\n<p>Le canon d&#8217;irrigation est fourni avec un jeu de buses pour r\u00e9guler la port\u00e9e.<\/p>\n","protected":false},"excerpt":{"rendered":"<p>Caract\u00e9ristiques principales, arroseur d&#8217;eau, filetage 1 1\/2&#8243;, fourni avec un ensemble de buses pour r\u00e9gler la port\u00e9e. Angle d&#8217;irrigation r\u00e9glable de 0 \u00e0 360\u00ba. Arroseur de haute qualit\u00e9 en plastique et acier inoxydable. Haute r\u00e9sistance des joints de rotation Syst\u00e8me de tension de ressort r\u00e9glable faire varier la vitesse de rotation en fonction de la pression.<\/p>\n","protected":false},"featured_media":3850,"comment_status":"open","ping_status":"closed","template":"","meta":{"content-type":"","_kadence_starter_templates_imported_post":false},"product_brand":[],"product_cat":[46,45],"product_tag":[237],"class_list":{"0":"post-3849","1":"product","2":"type-product","3":"status-publish","4":"has-post-thumbnail","6":"product_cat-materiels-agricoles","7":"product_cat-outils-jardin","8":"product_tag-canon-d-irragtion","10":"first","11":"instock","12":"sale","13":"featured","14":"taxable","15":"shipping-taxable","16":"purchasable","17":"product-type-simple"},"translation":{"provider":"WPGlobus","version":"3.0.0","language":"es","enabled_languages":["en","es","de","fr","ru"],"languages":{"en":{"title":true,"content":true,"excerpt":true},"es":{"title":false,"content":false,"excerpt":false},"de":{"title":false,"content":false,"excerpt":false},"fr":{"title":false,"content":false,"excerpt":false},"ru":{"title":false,"content":false,"excerpt":false}}},"jetpack_sharing_enabled":true,"_links":{"self":[{"href":"https:\/\/azumahia.store\/es\/wp-json\/wp\/v2\/product\/3849","targetHints":{"allow":["GET"]}}],"collection":[{"href":"https:\/\/azumahia.store\/es\/wp-json\/wp\/v2\/product"}],"about":[{"href":"https:\/\/azumahia.store\/es\/wp-json\/wp\/v2\/types\/product"}],"replies":[{"embeddable":true,"href":"https:\/\/azumahia.store\/es\/wp-json\/wp\/v2\/comments?post=3849"}],"wp:featuredmedia":[{"embeddable":true,"href":"https:\/\/azumahia.store\/es\/wp-json\/wp\/v2\/media\/3850"}],"wp:attachment":[{"href":"https:\/\/azumahia.store\/es\/wp-json\/wp\/v2\/media?parent=3849"}],"wp:term":[{"taxonomy":"product_brand","embeddable":true,"href":"https:\/\/azumahia.store\/es\/wp-json\/wp\/v2\/product_brand?post=3849"},{"taxonomy":"product_cat","embeddable":true,"href":"https:\/\/azumahia.store\/es\/wp-json\/wp\/v2\/product_cat?post=3849"},{"taxonomy":"product_tag","embeddable":true,"href":"https:\/\/azumahia.store\/es\/wp-json\/wp\/v2\/product_tag?post=3849"}],"curies":[{"name":"wp","href":"https:\/\/api.w.org\/{rel}","templated":true}]}}