{"id":4035,"date":"2024-11-28T12:33:28","date_gmt":"2024-11-28T11:33:28","guid":{"rendered":"https:\/\/azumahia.store\/?post_type=product&#038;p=4035"},"modified":"2024-12-03T12:23:29","modified_gmt":"2024-12-03T11:23:29","slug":"tuyau-de-16-mm-sans-goutteurs-bobine-de-400-metres","status":"publish","type":"product","link":"https:\/\/azumahia.store\/de\/produit\/tuyau-de-16-mm-sans-goutteurs-bobine-de-400-metres\/","title":{"rendered":"Tuyau de 16 mm sans goutteurs. Bobine de 400 m\u00e8tres"},"content":{"rendered":"<h4>Tuyau de 16 mm sans goutteurs. Bobine de 400 m\u00e8tres<\/h4>\n<p>Le tuyau d&#8217;irrigation en PE basse densit\u00e9 est produit avec un syst\u00e8me innovant, utilisant des r\u00e9sines sp\u00e9ciales, \u00e0 haute r\u00e9sistance aux agents chimiques et atmosph\u00e9riques. En raison de sa haute r\u00e9sistance aux contraintes m\u00e9caniques, il est particuli\u00e8rement adapt\u00e9 aux sorties lat\u00e9rales et tol\u00e8re parfaitement le montage de raccords \u00e0 ins\u00e9rer.<\/p>\n<p>&nbsp;<\/p>\n<h4>Sp\u00e9cifications:<\/h4>\n<ul>\n<li>Diam\u00e8tre : 16 mm<\/li>\n<li>\u00c9paisseur : 1,2 mm<\/li>\n<li>Longueur : 400 m<\/li>\n<\/ul>\n","protected":false},"excerpt":{"rendered":"<p>Pipe sans goutteurs &#8220;Premium&#8221;<\/p>\n","protected":false},"featured_media":4036,"comment_status":"open","ping_status":"closed","template":"","meta":{"content-type":"","_kadence_starter_templates_imported_post":false},"product_brand":[],"product_cat":[46,45],"product_tag":[69],"class_list":{"0":"post-4035","1":"product","2":"type-product","3":"status-publish","4":"has-post-thumbnail","6":"product_cat-materiels-agricoles","7":"product_cat-outils-jardin","8":"product_tag-tuyaux-accessoires","9":"product_shipping_class-less-heavy-products","11":"first","12":"instock","13":"sale","14":"taxable","15":"shipping-taxable","16":"purchasable","17":"product-type-simple"},"translation":{"provider":"WPGlobus","version":"3.0.0","language":"de","enabled_languages":["en","es","de","fr","ru"],"languages":{"en":{"title":true,"content":true,"excerpt":true},"es":{"title":false,"content":false,"excerpt":false},"de":{"title":false,"content":false,"excerpt":false},"fr":{"title":false,"content":false,"excerpt":false},"ru":{"title":false,"content":false,"excerpt":false}}},"jetpack_sharing_enabled":true,"_links":{"self":[{"href":"https:\/\/azumahia.store\/de\/wp-json\/wp\/v2\/product\/4035","targetHints":{"allow":["GET"]}}],"collection":[{"href":"https:\/\/azumahia.store\/de\/wp-json\/wp\/v2\/product"}],"about":[{"href":"https:\/\/azumahia.store\/de\/wp-json\/wp\/v2\/types\/product"}],"replies":[{"embeddable":true,"href":"https:\/\/azumahia.store\/de\/wp-json\/wp\/v2\/comments?post=4035"}],"wp:featuredmedia":[{"embeddable":true,"href":"https:\/\/azumahia.store\/de\/wp-json\/wp\/v2\/media\/4036"}],"wp:attachment":[{"href":"https:\/\/azumahia.store\/de\/wp-json\/wp\/v2\/media?parent=4035"}],"wp:term":[{"taxonomy":"product_brand","embeddable":true,"href":"https:\/\/azumahia.store\/de\/wp-json\/wp\/v2\/product_brand?post=4035"},{"taxonomy":"product_cat","embeddable":true,"href":"https:\/\/azumahia.store\/de\/wp-json\/wp\/v2\/product_cat?post=4035"},{"taxonomy":"product_tag","embeddable":true,"href":"https:\/\/azumahia.store\/de\/wp-json\/wp\/v2\/product_tag?post=4035"}],"curies":[{"name":"wp","href":"https:\/\/api.w.org\/{rel}","templated":true}]}}