{"id":4008,"date":"2024-11-28T11:22:30","date_gmt":"2024-11-28T10:22:30","guid":{"rendered":"https:\/\/azumahia.store\/?post_type=product&#038;p=4008"},"modified":"2024-12-03T12:23:31","modified_gmt":"2024-12-03T11:23:31","slug":"tuyau-agricole-40-mm-bobine-de-100-m-4-bars","status":"publish","type":"product","link":"https:\/\/azumahia.store\/de\/produit\/tuyau-agricole-40-mm-bobine-de-100-m-4-bars\/","title":{"rendered":"Tuyau Agricole 40 mm. Bobine de 100 m\/4 Bars"},"content":{"rendered":"<h4><strong>Tuyau poly\u00e9thyl\u00e8ne agricole 40mm 4bar<\/strong><\/h4>\n<p>Tuyau agricole \u00e0 faible densit\u00e9\u00a0utilis\u00e9 dans l&#8217;am\u00e9nagement paysager des installations d&#8217;irrigation.<\/p>\n<p>Il permet \u00e9galement le placement de goutteurs d&#8217;irrigation, puisque sa paroi \u00e9troite en poly\u00e9thyl\u00e8ne facilite son installation.<\/p>\n<p>Fabriqu\u00e9 selon la NORME &#8220;UNE 53367 PE-32&#8221;.<\/p>\n<p>&nbsp;<\/p>\n<p><strong>Caract\u00e9ristiques:<\/strong><\/p>\n<p>Mesure : 40 mm.<\/p>\n<p>Pression maximale : 4 bars.<\/p>\n<p>Bobine de 100 m\u00e8tres.<\/p>\n<p>Couleur noire.<\/p>\n","protected":false},"excerpt":{"rendered":"<p>Mesure : 40 mm.<\/p>\n<p>Pression maximale : 4 bars.<\/p>\n<p>Bobine de 100 m\u00e8tres.<\/p>\n","protected":false},"featured_media":3991,"comment_status":"open","ping_status":"closed","template":"","meta":{"content-type":"","_kadence_starter_templates_imported_post":false},"product_brand":[],"product_cat":[46,45],"product_tag":[69],"class_list":{"0":"post-4008","1":"product","2":"type-product","3":"status-publish","4":"has-post-thumbnail","6":"product_cat-materiels-agricoles","7":"product_cat-outils-jardin","8":"product_tag-tuyaux-accessoires","9":"product_shipping_class-less-heavy-products","11":"first","12":"instock","13":"sale","14":"taxable","15":"shipping-taxable","16":"purchasable","17":"product-type-simple"},"translation":{"provider":"WPGlobus","version":"3.0.0","language":"de","enabled_languages":["en","es","de","fr","ru"],"languages":{"en":{"title":true,"content":true,"excerpt":true},"es":{"title":false,"content":false,"excerpt":false},"de":{"title":false,"content":false,"excerpt":false},"fr":{"title":false,"content":false,"excerpt":false},"ru":{"title":false,"content":false,"excerpt":false}}},"jetpack_sharing_enabled":true,"_links":{"self":[{"href":"https:\/\/azumahia.store\/de\/wp-json\/wp\/v2\/product\/4008","targetHints":{"allow":["GET"]}}],"collection":[{"href":"https:\/\/azumahia.store\/de\/wp-json\/wp\/v2\/product"}],"about":[{"href":"https:\/\/azumahia.store\/de\/wp-json\/wp\/v2\/types\/product"}],"replies":[{"embeddable":true,"href":"https:\/\/azumahia.store\/de\/wp-json\/wp\/v2\/comments?post=4008"}],"wp:featuredmedia":[{"embeddable":true,"href":"https:\/\/azumahia.store\/de\/wp-json\/wp\/v2\/media\/3991"}],"wp:attachment":[{"href":"https:\/\/azumahia.store\/de\/wp-json\/wp\/v2\/media?parent=4008"}],"wp:term":[{"taxonomy":"product_brand","embeddable":true,"href":"https:\/\/azumahia.store\/de\/wp-json\/wp\/v2\/product_brand?post=4008"},{"taxonomy":"product_cat","embeddable":true,"href":"https:\/\/azumahia.store\/de\/wp-json\/wp\/v2\/product_cat?post=4008"},{"taxonomy":"product_tag","embeddable":true,"href":"https:\/\/azumahia.store\/de\/wp-json\/wp\/v2\/product_tag?post=4008"}],"curies":[{"name":"wp","href":"https:\/\/api.w.org\/{rel}","templated":true}]}}