{"id":3967,"date":"2024-11-27T17:41:19","date_gmt":"2024-11-27T16:41:19","guid":{"rendered":"https:\/\/azumahia.store\/?post_type=product&#038;p=3967"},"modified":"2024-11-27T17:55:56","modified_gmt":"2024-11-27T16:55:56","slug":"te-egal-pack-5-unites","status":"publish","type":"product","link":"https:\/\/azumahia.store\/de\/produit\/te-egal-pack-5-unites\/","title":{"rendered":"T\u00e9 \u00e9gal (Pack 5 Unit\u00e9s)"},"content":{"rendered":"<p>T\u00e9 \u00e9gal en poly\u00e9thyl\u00e8ne de 25 mm (Pack de 5 unit\u00e9s).<\/p>\n<p>Produit de haute qualit\u00e9 avec certificat Aenor.<\/p>\n<p>Assemblage rapide. Il suffit d&#8217;une l\u00e9g\u00e8re pression du tube contre l&#8217;accessoire, pour obtenir un assemblage instantan\u00e9. Assemblage rapide. Pour obtenir un assemblage instantan\u00e9, il suffit d&#8217;exercer une l\u00e9g\u00e8re pression du tube contre l&#8217;accessoire.<\/p>\n<p>&nbsp;<\/p>\n<p>Equivalence mesures et filetage :<\/p>\n<p>20 mm &#8212; 1\/2&#8243;<\/p>\n<p>25 mm &#8212; 3\/4&#8243;<\/p>\n<p>32 mm &#8212; 1&#8243;<\/p>\n<p>40 mm &#8212; 1 1\/4&#8243;<\/p>\n<p>50 mm &#8212; 1 1\/2&#8243;<\/p>\n<p>63 mm &#8212; 2&#8243;<\/p>\n<p>75 mm &#8212; 2 1\/2&#8243;<\/p>\n<p>90 mm &#8212; 3&#8243;<\/p>\n<p>110 mm &#8212; 4&#8243;<\/p>\n","protected":false},"excerpt":{"rendered":"<p>T\u00e9 \u00e9gal \u00e0 3 bouches en poly\u00e9thyl\u00e8ne.<\/p>\n<p>Produit de haute qualit\u00e9 avec certificat Aenor.<\/p>\n<p>Pack de 5 unit\u00e9s<\/p>\n","protected":false},"featured_media":3968,"comment_status":"open","ping_status":"closed","template":"","meta":{"content-type":"","_kadence_starter_templates_imported_post":false},"product_brand":[],"product_cat":[46,45],"product_tag":[69],"class_list":{"0":"post-3967","1":"product","2":"type-product","3":"status-publish","4":"has-post-thumbnail","6":"product_cat-materiels-agricoles","7":"product_cat-outils-jardin","8":"product_tag-tuyaux-accessoires","10":"first","11":"instock","12":"sale","13":"taxable","14":"shipping-taxable","15":"purchasable","16":"product-type-variable"},"translation":{"provider":"WPGlobus","version":"3.0.0","language":"de","enabled_languages":["en","es","de","fr","ru"],"languages":{"en":{"title":true,"content":true,"excerpt":true},"es":{"title":false,"content":false,"excerpt":false},"de":{"title":false,"content":false,"excerpt":false},"fr":{"title":false,"content":false,"excerpt":false},"ru":{"title":false,"content":false,"excerpt":false}}},"jetpack_sharing_enabled":true,"_links":{"self":[{"href":"https:\/\/azumahia.store\/de\/wp-json\/wp\/v2\/product\/3967","targetHints":{"allow":["GET"]}}],"collection":[{"href":"https:\/\/azumahia.store\/de\/wp-json\/wp\/v2\/product"}],"about":[{"href":"https:\/\/azumahia.store\/de\/wp-json\/wp\/v2\/types\/product"}],"replies":[{"embeddable":true,"href":"https:\/\/azumahia.store\/de\/wp-json\/wp\/v2\/comments?post=3967"}],"wp:featuredmedia":[{"embeddable":true,"href":"https:\/\/azumahia.store\/de\/wp-json\/wp\/v2\/media\/3968"}],"wp:attachment":[{"href":"https:\/\/azumahia.store\/de\/wp-json\/wp\/v2\/media?parent=3967"}],"wp:term":[{"taxonomy":"product_brand","embeddable":true,"href":"https:\/\/azumahia.store\/de\/wp-json\/wp\/v2\/product_brand?post=3967"},{"taxonomy":"product_cat","embeddable":true,"href":"https:\/\/azumahia.store\/de\/wp-json\/wp\/v2\/product_cat?post=3967"},{"taxonomy":"product_tag","embeddable":true,"href":"https:\/\/azumahia.store\/de\/wp-json\/wp\/v2\/product_tag?post=3967"}],"curies":[{"name":"wp","href":"https:\/\/api.w.org\/{rel}","templated":true}]}}