{"id":3956,"date":"2024-11-27T16:55:58","date_gmt":"2024-11-27T15:55:58","guid":{"rendered":"https:\/\/azumahia.store\/?post_type=product&#038;p=3956"},"modified":"2024-11-27T16:55:59","modified_gmt":"2024-11-27T15:55:59","slug":"raccord-filete-femelle-pe-25-mm-pack-x-5","status":"publish","type":"product","link":"https:\/\/azumahia.store\/de\/produit\/raccord-filete-femelle-pe-25-mm-pack-x-5\/","title":{"rendered":"Raccord filet\u00e9 Femelle PE 25 mm (Pack x 5)"},"content":{"rendered":"<h4><strong>Raccord filet\u00e9 femelle en poly\u00e9thyl\u00e8ne 25 mm (Pack x 5)<\/strong><\/h4>\n<p>Raccord filet\u00e9 femelle en poly\u00e9thyl\u00e8ne\u00a0<strong>25 mm<\/strong>.<\/p>\n<p>Produit de haute qualit\u00e9 avec certificat\u00a0<strong>Aenor<\/strong>.<\/p>\n<p>&nbsp;<\/p>\n<p><strong>Assemblage rapide<\/strong>. Il ne n\u00e9cessite qu&#8217;une l\u00e9g\u00e8re pression du tube contre le raccord, pour obtenir un assemblage instantan\u00e9.<\/p>\n<p>Assemblage rapide. Pour obtenir un assemblage instantan\u00e9, vous n&#8217;avez besoin que d&#8217;une l\u00e9g\u00e8re pression du tube contre l&#8217;accessoire.<\/p>\n<p>&nbsp;<\/p>\n<p>\u00c9quivalence des mesures et du fil:<\/p>\n<p>20 mm &#8211; 1\/2 &#8220;25 mm &#8211; 3\/4&#8243; 32 mm &#8211; 1 &#8221;<\/p>\n<p>40 mm &#8211; 1 1\/4 &#8220;50 mm &#8211; 1 1\/2&#8243; 63 mm &#8211; 2 &#8221;<\/p>\n<p>75 mm &#8211; 2 1\/2 &#8220;90 mm &#8211; 3&#8221; 110 mm &#8211; 4 &#8220;<\/p>\n","protected":false},"excerpt":{"rendered":"<p>Maillon filet\u00e9 femelle en poly\u00e9thyl\u00e8ne de 25 mm.<\/p>\n<p>Produit de haute qualit\u00e9 avec certificat Aenor.<\/p>\n","protected":false},"featured_media":3955,"comment_status":"open","ping_status":"closed","template":"","meta":{"content-type":"","_kadence_starter_templates_imported_post":false},"product_brand":[],"product_cat":[46,45],"product_tag":[69],"class_list":{"0":"post-3956","1":"product","2":"type-product","3":"status-publish","4":"has-post-thumbnail","6":"product_cat-materiels-agricoles","7":"product_cat-outils-jardin","8":"product_tag-tuyaux-accessoires","10":"first","11":"instock","12":"sale","13":"taxable","14":"shipping-taxable","15":"purchasable","16":"product-type-simple"},"translation":{"provider":"WPGlobus","version":"3.0.0","language":"de","enabled_languages":["en","es","de","fr","ru"],"languages":{"en":{"title":true,"content":true,"excerpt":true},"es":{"title":false,"content":false,"excerpt":false},"de":{"title":false,"content":false,"excerpt":false},"fr":{"title":false,"content":false,"excerpt":false},"ru":{"title":false,"content":false,"excerpt":false}}},"jetpack_sharing_enabled":true,"_links":{"self":[{"href":"https:\/\/azumahia.store\/de\/wp-json\/wp\/v2\/product\/3956","targetHints":{"allow":["GET"]}}],"collection":[{"href":"https:\/\/azumahia.store\/de\/wp-json\/wp\/v2\/product"}],"about":[{"href":"https:\/\/azumahia.store\/de\/wp-json\/wp\/v2\/types\/product"}],"replies":[{"embeddable":true,"href":"https:\/\/azumahia.store\/de\/wp-json\/wp\/v2\/comments?post=3956"}],"wp:featuredmedia":[{"embeddable":true,"href":"https:\/\/azumahia.store\/de\/wp-json\/wp\/v2\/media\/3955"}],"wp:attachment":[{"href":"https:\/\/azumahia.store\/de\/wp-json\/wp\/v2\/media?parent=3956"}],"wp:term":[{"taxonomy":"product_brand","embeddable":true,"href":"https:\/\/azumahia.store\/de\/wp-json\/wp\/v2\/product_brand?post=3956"},{"taxonomy":"product_cat","embeddable":true,"href":"https:\/\/azumahia.store\/de\/wp-json\/wp\/v2\/product_cat?post=3956"},{"taxonomy":"product_tag","embeddable":true,"href":"https:\/\/azumahia.store\/de\/wp-json\/wp\/v2\/product_tag?post=3956"}],"curies":[{"name":"wp","href":"https:\/\/api.w.org\/{rel}","templated":true}]}}