{"id":3951,"date":"2024-11-27T16:38:29","date_gmt":"2024-11-27T15:38:29","guid":{"rendered":"https:\/\/azumahia.store\/?post_type=product&#038;p=3951"},"modified":"2024-11-28T14:42:54","modified_gmt":"2024-11-28T13:42:54","slug":"raccord-tuyau-regner-16-mm-1-2","status":"publish","type":"product","link":"https:\/\/azumahia.store\/de\/produit\/raccord-tuyau-regner-16-mm-1-2\/","title":{"rendered":"Raccord tuyau\/regner 16 mm 1\/2"},"content":{"rendered":"<p><strong>Raccord tuyau\/regner 16mm 1\/2<\/strong><\/p>\n<ul>\n<li>Tuyau de raccordement pour d\u00e9marrage Regner<\/li>\n<li>Le mat\u00e9riel est fait d&#8217;un mat\u00e9riau r\u00e9sistant<\/li>\n<li>Compatibilit\u00e9 avec les flexibles standards avec raccord correspondant<\/li>\n<li>Assemblage simple sans outils<\/li>\n<\/ul>\n","protected":false},"excerpt":{"rendered":"<p>Regner tuyau\/connecteur 16mm 1\/2, raccord de tuyau pour Regner start Le raccord est en mat\u00e9riau robuste Compatibilit\u00e9 avec les tuyaux standard avec raccord correspondant Montage simple sans outils.<\/p>\n","protected":false},"featured_media":3953,"comment_status":"open","ping_status":"closed","template":"","meta":{"content-type":"","_kadence_starter_templates_imported_post":false},"product_brand":[],"product_cat":[46,45],"product_tag":[69],"class_list":{"0":"post-3951","1":"product","2":"type-product","3":"status-publish","4":"has-post-thumbnail","6":"product_cat-materiels-agricoles","7":"product_cat-outils-jardin","8":"product_tag-tuyaux-accessoires","10":"first","11":"instock","12":"sale","13":"featured","14":"taxable","15":"shipping-taxable","16":"purchasable","17":"product-type-simple"},"translation":{"provider":"WPGlobus","version":"3.0.0","language":"de","enabled_languages":["en","es","de","fr","ru"],"languages":{"en":{"title":true,"content":true,"excerpt":true},"es":{"title":false,"content":false,"excerpt":false},"de":{"title":false,"content":false,"excerpt":false},"fr":{"title":false,"content":false,"excerpt":false},"ru":{"title":false,"content":false,"excerpt":false}}},"jetpack_sharing_enabled":true,"_links":{"self":[{"href":"https:\/\/azumahia.store\/de\/wp-json\/wp\/v2\/product\/3951","targetHints":{"allow":["GET"]}}],"collection":[{"href":"https:\/\/azumahia.store\/de\/wp-json\/wp\/v2\/product"}],"about":[{"href":"https:\/\/azumahia.store\/de\/wp-json\/wp\/v2\/types\/product"}],"replies":[{"embeddable":true,"href":"https:\/\/azumahia.store\/de\/wp-json\/wp\/v2\/comments?post=3951"}],"wp:featuredmedia":[{"embeddable":true,"href":"https:\/\/azumahia.store\/de\/wp-json\/wp\/v2\/media\/3953"}],"wp:attachment":[{"href":"https:\/\/azumahia.store\/de\/wp-json\/wp\/v2\/media?parent=3951"}],"wp:term":[{"taxonomy":"product_brand","embeddable":true,"href":"https:\/\/azumahia.store\/de\/wp-json\/wp\/v2\/product_brand?post=3951"},{"taxonomy":"product_cat","embeddable":true,"href":"https:\/\/azumahia.store\/de\/wp-json\/wp\/v2\/product_cat?post=3951"},{"taxonomy":"product_tag","embeddable":true,"href":"https:\/\/azumahia.store\/de\/wp-json\/wp\/v2\/product_tag?post=3951"}],"curies":[{"name":"wp","href":"https:\/\/api.w.org\/{rel}","templated":true}]}}