{"id":3945,"date":"2024-11-27T16:08:10","date_gmt":"2024-11-27T15:08:10","guid":{"rendered":"https:\/\/azumahia.store\/?post_type=product&#038;p=3945"},"modified":"2024-11-28T14:46:10","modified_gmt":"2024-11-28T13:46:10","slug":"raccord-filete-male-pe-25-mm-3-4","status":"publish","type":"product","link":"https:\/\/azumahia.store\/de\/produit\/raccord-filete-male-pe-25-mm-3-4\/","title":{"rendered":"Raccord filet\u00e9 M\u00e2le PE 25 mm &#8211; 3\/4&#8221;"},"content":{"rendered":"<p>Fabriqu\u00e9 en poly\u00e9thyl\u00e8ne de haute qualit\u00e9.<\/p>\n<p>Taille 25mm &#8211; 3\/4&#8243;<\/p>\n<p>Produit de haute qualit\u00e9 avec certificat Aenor. Assemblage rapide. Il suffit d&#8217;une l\u00e9g\u00e8re pression du tube contre l&#8217;accessoire, pour obtenir un assemblage instantan\u00e9.<\/p>\n","protected":false},"excerpt":{"rendered":"<div id=\"short_description_block\">\n<div id=\"short_description_content\" class=\"rte align_justify\">\n<p>Raccord Filetage M\u00e2le PE 25 mm &#8211; 3\/4&#8243;<\/p>\n<\/div>\n<\/div>\n<p id=\"availability_statut\">\n","protected":false},"featured_media":3946,"comment_status":"open","ping_status":"closed","template":"","meta":{"content-type":"","_kadence_starter_templates_imported_post":false},"product_brand":[],"product_cat":[46,45],"product_tag":[69],"class_list":{"0":"post-3945","1":"product","2":"type-product","3":"status-publish","4":"has-post-thumbnail","6":"product_cat-materiels-agricoles","7":"product_cat-outils-jardin","8":"product_tag-tuyaux-accessoires","10":"first","11":"instock","12":"sale","13":"featured","14":"taxable","15":"shipping-taxable","16":"purchasable","17":"product-type-simple"},"translation":{"provider":"WPGlobus","version":"3.0.0","language":"de","enabled_languages":["en","es","de","fr","ru"],"languages":{"en":{"title":true,"content":true,"excerpt":true},"es":{"title":false,"content":false,"excerpt":false},"de":{"title":false,"content":false,"excerpt":false},"fr":{"title":false,"content":false,"excerpt":false},"ru":{"title":false,"content":false,"excerpt":false}}},"jetpack_sharing_enabled":true,"_links":{"self":[{"href":"https:\/\/azumahia.store\/de\/wp-json\/wp\/v2\/product\/3945","targetHints":{"allow":["GET"]}}],"collection":[{"href":"https:\/\/azumahia.store\/de\/wp-json\/wp\/v2\/product"}],"about":[{"href":"https:\/\/azumahia.store\/de\/wp-json\/wp\/v2\/types\/product"}],"replies":[{"embeddable":true,"href":"https:\/\/azumahia.store\/de\/wp-json\/wp\/v2\/comments?post=3945"}],"wp:featuredmedia":[{"embeddable":true,"href":"https:\/\/azumahia.store\/de\/wp-json\/wp\/v2\/media\/3946"}],"wp:attachment":[{"href":"https:\/\/azumahia.store\/de\/wp-json\/wp\/v2\/media?parent=3945"}],"wp:term":[{"taxonomy":"product_brand","embeddable":true,"href":"https:\/\/azumahia.store\/de\/wp-json\/wp\/v2\/product_brand?post=3945"},{"taxonomy":"product_cat","embeddable":true,"href":"https:\/\/azumahia.store\/de\/wp-json\/wp\/v2\/product_cat?post=3945"},{"taxonomy":"product_tag","embeddable":true,"href":"https:\/\/azumahia.store\/de\/wp-json\/wp\/v2\/product_tag?post=3945"}],"curies":[{"name":"wp","href":"https:\/\/api.w.org\/{rel}","templated":true}]}}