{"id":3925,"date":"2024-11-27T14:23:56","date_gmt":"2024-11-27T13:23:56","guid":{"rendered":"https:\/\/azumahia.store\/?post_type=product&#038;p=3925"},"modified":"2024-11-28T14:52:18","modified_gmt":"2024-11-28T13:52:18","slug":"manchon-de-reparation-pour-tube-pe-40mm","status":"publish","type":"product","link":"https:\/\/azumahia.store\/de\/produit\/manchon-de-reparation-pour-tube-pe-40mm\/","title":{"rendered":"Manchon de r\u00e9paration pour tube PE 40 mm"},"content":{"rendered":"<h4>Manchon de r\u00e9paration pour tube PE 40mm<\/h4>\n<p>Raccord \u00e0 compression Connecto Plus Irritec . Apr\u00e8s avoir retir\u00e9 la section endommag\u00e9e, vous pouvez facilement vous d\u00e9placer sur les c\u00f4t\u00e9s car il n&#8217;y a pas de bord restrictif \u00e0 l&#8217;int\u00e9rieur du bo\u00eetier. La quantit\u00e9 d&#8217;excavation autour de la section endommag\u00e9e est consid\u00e9rablement r\u00e9duite.<\/p>\n<p>&nbsp;<\/p>\n<p><strong>Caract\u00e9ristique:<\/strong><\/p>\n<ul>\n<li>Pression de service maximale 16 bars.<\/li>\n<li>A utiliser dans les tuyaux PE 40.<\/li>\n<\/ul>\n","protected":false},"excerpt":{"rendered":"<p><span class=\"VIiyi\" lang=\"es\" xml:lang=\"es\"><span class=\"JLqJ4b ChMk0b\"><span class=\"Q4iAWc\">Raccord Connecto Plus<\/span><\/span><\/span>\u00a040&#215;40 pour la r\u00e9paration de tuyaux PE haute pression.<\/p>\n","protected":false},"featured_media":3926,"comment_status":"open","ping_status":"closed","template":"","meta":{"content-type":"","_kadence_starter_templates_imported_post":false},"product_brand":[],"product_cat":[46,45],"product_tag":[69],"class_list":{"0":"post-3925","1":"product","2":"type-product","3":"status-publish","4":"has-post-thumbnail","6":"product_cat-materiels-agricoles","7":"product_cat-outils-jardin","8":"product_tag-tuyaux-accessoires","10":"first","11":"instock","12":"sale","13":"featured","14":"taxable","15":"shipping-taxable","16":"purchasable","17":"product-type-simple"},"translation":{"provider":"WPGlobus","version":"3.0.0","language":"de","enabled_languages":["en","es","de","fr","ru"],"languages":{"en":{"title":true,"content":true,"excerpt":true},"es":{"title":false,"content":false,"excerpt":false},"de":{"title":false,"content":false,"excerpt":false},"fr":{"title":false,"content":false,"excerpt":false},"ru":{"title":false,"content":false,"excerpt":false}}},"jetpack_sharing_enabled":true,"_links":{"self":[{"href":"https:\/\/azumahia.store\/de\/wp-json\/wp\/v2\/product\/3925","targetHints":{"allow":["GET"]}}],"collection":[{"href":"https:\/\/azumahia.store\/de\/wp-json\/wp\/v2\/product"}],"about":[{"href":"https:\/\/azumahia.store\/de\/wp-json\/wp\/v2\/types\/product"}],"replies":[{"embeddable":true,"href":"https:\/\/azumahia.store\/de\/wp-json\/wp\/v2\/comments?post=3925"}],"wp:featuredmedia":[{"embeddable":true,"href":"https:\/\/azumahia.store\/de\/wp-json\/wp\/v2\/media\/3926"}],"wp:attachment":[{"href":"https:\/\/azumahia.store\/de\/wp-json\/wp\/v2\/media?parent=3925"}],"wp:term":[{"taxonomy":"product_brand","embeddable":true,"href":"https:\/\/azumahia.store\/de\/wp-json\/wp\/v2\/product_brand?post=3925"},{"taxonomy":"product_cat","embeddable":true,"href":"https:\/\/azumahia.store\/de\/wp-json\/wp\/v2\/product_cat?post=3925"},{"taxonomy":"product_tag","embeddable":true,"href":"https:\/\/azumahia.store\/de\/wp-json\/wp\/v2\/product_tag?post=3925"}],"curies":[{"name":"wp","href":"https:\/\/api.w.org\/{rel}","templated":true}]}}