{"id":3893,"date":"2024-11-27T13:22:18","date_gmt":"2024-11-27T12:22:18","guid":{"rendered":"https:\/\/azumahia.store\/?post_type=product&#038;p=3893"},"modified":"2024-11-27T13:22:18","modified_gmt":"2024-11-27T12:22:18","slug":"kit-10-arroseurs-agricoles-circulaires-1-2-10-brochettes-porte-gicleurs","status":"publish","type":"product","link":"https:\/\/azumahia.store\/de\/produit\/kit-10-arroseurs-agricoles-circulaires-1-2-10-brochettes-porte-gicleurs\/","title":{"rendered":"Kit 10 arroseurs agricoles circulaires 1\/2&#8221; + 10 brochettes porte-gicleurs"},"content":{"rendered":"<h4>Kit 10 arroseurs agricoles circulaires 1\/2 &#8220;+ 10 brochettes porte-gicleurs<\/h4>\n<p>Arroseur \u00e0 impact agricole \u00e0 faible d\u00e9bit utilis\u00e9 pour l&#8217;irrigation agricole ou les installations de jardinage.<\/p>\n<p>Les caract\u00e9ristiques:<\/p>\n<ul>\n<li>Raccord filetage m\u00e2le 1\/2 &#8220;.<\/li>\n<li>Rayon de port\u00e9e de 10 \u00e0 13 m\u00e8tres.<\/li>\n<li>Pression de service de 2 \u00e0 3 bars.<\/li>\n<li>D\u00e9bit de 652 \u00e0 799 l \/ h.<\/li>\n<li>Circulaire.<\/li>\n<li>Piquet d&#8217;arrosage en plastique<\/li>\n<\/ul>\n","protected":false},"excerpt":{"rendered":"<div id=\"short_description_block\">\n<div id=\"short_description_content\" class=\"rte align_justify\">Kit de 10 arroseurs agricoles circulaires et brochettes porte-gicleurs.<\/div>\n<\/div>\n<p id=\"availability_statut\">\n","protected":false},"featured_media":3894,"comment_status":"open","ping_status":"closed","template":"","meta":{"content-type":"","_kadence_starter_templates_imported_post":false},"product_brand":[],"product_cat":[46,45],"product_tag":[69],"class_list":{"0":"post-3893","1":"product","2":"type-product","3":"status-publish","4":"has-post-thumbnail","6":"product_cat-materiels-agricoles","7":"product_cat-outils-jardin","8":"product_tag-tuyaux-accessoires","10":"first","11":"instock","12":"sale","13":"taxable","14":"shipping-taxable","15":"purchasable","16":"product-type-simple"},"translation":{"provider":"WPGlobus","version":"3.0.0","language":"de","enabled_languages":["en","es","de","fr","ru"],"languages":{"en":{"title":true,"content":true,"excerpt":true},"es":{"title":false,"content":false,"excerpt":false},"de":{"title":false,"content":false,"excerpt":false},"fr":{"title":false,"content":false,"excerpt":false},"ru":{"title":false,"content":false,"excerpt":false}}},"jetpack_sharing_enabled":true,"_links":{"self":[{"href":"https:\/\/azumahia.store\/de\/wp-json\/wp\/v2\/product\/3893","targetHints":{"allow":["GET"]}}],"collection":[{"href":"https:\/\/azumahia.store\/de\/wp-json\/wp\/v2\/product"}],"about":[{"href":"https:\/\/azumahia.store\/de\/wp-json\/wp\/v2\/types\/product"}],"replies":[{"embeddable":true,"href":"https:\/\/azumahia.store\/de\/wp-json\/wp\/v2\/comments?post=3893"}],"wp:featuredmedia":[{"embeddable":true,"href":"https:\/\/azumahia.store\/de\/wp-json\/wp\/v2\/media\/3894"}],"wp:attachment":[{"href":"https:\/\/azumahia.store\/de\/wp-json\/wp\/v2\/media?parent=3893"}],"wp:term":[{"taxonomy":"product_brand","embeddable":true,"href":"https:\/\/azumahia.store\/de\/wp-json\/wp\/v2\/product_brand?post=3893"},{"taxonomy":"product_cat","embeddable":true,"href":"https:\/\/azumahia.store\/de\/wp-json\/wp\/v2\/product_cat?post=3893"},{"taxonomy":"product_tag","embeddable":true,"href":"https:\/\/azumahia.store\/de\/wp-json\/wp\/v2\/product_tag?post=3893"}],"curies":[{"name":"wp","href":"https:\/\/api.w.org\/{rel}","templated":true}]}}