{"id":3873,"date":"2024-11-27T11:38:36","date_gmt":"2024-11-27T10:38:36","guid":{"rendered":"https:\/\/azumahia.store\/?post_type=product&#038;p=3873"},"modified":"2024-11-27T11:50:48","modified_gmt":"2024-11-27T10:50:48","slug":"coude-articule-30-cm-pour-diffuseurs-et-gicleurs","status":"publish","type":"product","link":"https:\/\/azumahia.store\/de\/produit\/coude-articule-30-cm-pour-diffuseurs-et-gicleurs\/","title":{"rendered":"Coude articul\u00e9 30 cm pour diffuseurs et gicleurs"},"content":{"rendered":"<h4>Coude Articul\u00e9 30 Cm pour Diffuseurs &amp; Arroseurs<\/h4>\n<p>Coude articul\u00e9 de haute qualit\u00e9 qui peut \u00eatre install\u00e9 dans pratiquement n&#8217;importe quelle installation d&#8217;irrigation.\u00a0Ajustez facilement les arroseurs \u00e0 la bonne hauteur et position, en \u00e9vitant les tiges cass\u00e9es.<\/p>\n<p>CARACT\u00c9RISTIQUES<\/p>\n<p>\u2022Raccord filet\u00e9 1\/2&#8243; &amp; 3\/4&#8243;.<br \/>\n\u202230cm.<br \/>\n\u2022\u00c9viter les bris.<br \/>\n\u2022Facilite l&#8217;installation.<\/p>\n","protected":false},"excerpt":{"rendered":"<div id=\"short_description_block\">\n<div id=\"short_description_content\" class=\"rte align_justify\">\n<p>Coude articul\u00e9 de 30 cm, ajuste facilement les arroseurs \u00e0 la bonne hauteur et position, en \u00e9vitant les tiges cass\u00e9es.<\/p>\n<\/div>\n<\/div>\n<p id=\"pQuantityAvailable\">\n","protected":false},"featured_media":3874,"comment_status":"open","ping_status":"closed","template":"","meta":{"content-type":"","_kadence_starter_templates_imported_post":false},"product_brand":[],"product_cat":[46,52],"product_tag":[69],"class_list":{"0":"post-3873","1":"product","2":"type-product","3":"status-publish","4":"has-post-thumbnail","6":"product_cat-materiels-agricoles","7":"product_cat-outils-elevage","8":"product_tag-tuyaux-accessoires","10":"first","11":"instock","12":"sale","13":"taxable","14":"shipping-taxable","15":"purchasable","16":"product-type-variable"},"translation":{"provider":"WPGlobus","version":"3.0.0","language":"de","enabled_languages":["en","es","de","fr","ru"],"languages":{"en":{"title":true,"content":true,"excerpt":true},"es":{"title":false,"content":false,"excerpt":false},"de":{"title":false,"content":false,"excerpt":false},"fr":{"title":false,"content":false,"excerpt":false},"ru":{"title":false,"content":false,"excerpt":false}}},"jetpack_sharing_enabled":true,"_links":{"self":[{"href":"https:\/\/azumahia.store\/de\/wp-json\/wp\/v2\/product\/3873","targetHints":{"allow":["GET"]}}],"collection":[{"href":"https:\/\/azumahia.store\/de\/wp-json\/wp\/v2\/product"}],"about":[{"href":"https:\/\/azumahia.store\/de\/wp-json\/wp\/v2\/types\/product"}],"replies":[{"embeddable":true,"href":"https:\/\/azumahia.store\/de\/wp-json\/wp\/v2\/comments?post=3873"}],"wp:featuredmedia":[{"embeddable":true,"href":"https:\/\/azumahia.store\/de\/wp-json\/wp\/v2\/media\/3874"}],"wp:attachment":[{"href":"https:\/\/azumahia.store\/de\/wp-json\/wp\/v2\/media?parent=3873"}],"wp:term":[{"taxonomy":"product_brand","embeddable":true,"href":"https:\/\/azumahia.store\/de\/wp-json\/wp\/v2\/product_brand?post=3873"},{"taxonomy":"product_cat","embeddable":true,"href":"https:\/\/azumahia.store\/de\/wp-json\/wp\/v2\/product_cat?post=3873"},{"taxonomy":"product_tag","embeddable":true,"href":"https:\/\/azumahia.store\/de\/wp-json\/wp\/v2\/product_tag?post=3873"}],"curies":[{"name":"wp","href":"https:\/\/api.w.org\/{rel}","templated":true}]}}