{"id":3871,"date":"2024-11-27T11:28:32","date_gmt":"2024-11-27T10:28:32","guid":{"rendered":"https:\/\/azumahia.store\/?post_type=product&#038;p=3871"},"modified":"2024-12-03T12:21:23","modified_gmt":"2024-12-03T11:21:23","slug":"cle-de-serrage-pour-tube-pe-16-75mm","status":"publish","type":"product","link":"https:\/\/azumahia.store\/de\/produit\/cle-de-serrage-pour-tube-pe-16-75mm\/","title":{"rendered":"Cl\u00e9 de serrage pour tube PE 16-75 mm"},"content":{"rendered":"<h4>Cl\u00e9 de serrage pour tube PE 16-75mm<\/h4>\n<p>Serrez facilement le raccord avec cet outil essentiel pour tout installateur d&#8217;irrigation. La taille de cette cl\u00e9 permet de serrer des accessoires de 16 mm \u00e0 75 mm. Il s&#8217;adapte \u00e0 toutes les marques du march\u00e9.<\/p>\n","protected":false},"excerpt":{"rendered":"<div id=\"short_description_block\">\n<div id=\"short_description_content\" class=\"rte align_justify\">\n<p>Cl\u00e9 PE pour le serrage des tuyaux<\/p>\n<\/div>\n<\/div>\n","protected":false},"featured_media":3872,"comment_status":"open","ping_status":"closed","template":"","meta":{"content-type":"","_kadence_starter_templates_imported_post":false},"product_brand":[],"product_cat":[46],"product_tag":[69],"class_list":{"0":"post-3871","1":"product","2":"type-product","3":"status-publish","4":"has-post-thumbnail","6":"product_cat-materiels-agricoles","7":"product_tag-tuyaux-accessoires","9":"first","10":"instock","11":"featured","12":"taxable","13":"shipping-taxable","14":"purchasable","15":"product-type-simple"},"translation":{"provider":"WPGlobus","version":"3.0.0","language":"de","enabled_languages":["en","es","de","fr","ru"],"languages":{"en":{"title":true,"content":true,"excerpt":true},"es":{"title":false,"content":false,"excerpt":false},"de":{"title":false,"content":false,"excerpt":false},"fr":{"title":false,"content":false,"excerpt":false},"ru":{"title":false,"content":false,"excerpt":false}}},"jetpack_sharing_enabled":true,"_links":{"self":[{"href":"https:\/\/azumahia.store\/de\/wp-json\/wp\/v2\/product\/3871","targetHints":{"allow":["GET"]}}],"collection":[{"href":"https:\/\/azumahia.store\/de\/wp-json\/wp\/v2\/product"}],"about":[{"href":"https:\/\/azumahia.store\/de\/wp-json\/wp\/v2\/types\/product"}],"replies":[{"embeddable":true,"href":"https:\/\/azumahia.store\/de\/wp-json\/wp\/v2\/comments?post=3871"}],"wp:featuredmedia":[{"embeddable":true,"href":"https:\/\/azumahia.store\/de\/wp-json\/wp\/v2\/media\/3872"}],"wp:attachment":[{"href":"https:\/\/azumahia.store\/de\/wp-json\/wp\/v2\/media?parent=3871"}],"wp:term":[{"taxonomy":"product_brand","embeddable":true,"href":"https:\/\/azumahia.store\/de\/wp-json\/wp\/v2\/product_brand?post=3871"},{"taxonomy":"product_cat","embeddable":true,"href":"https:\/\/azumahia.store\/de\/wp-json\/wp\/v2\/product_cat?post=3871"},{"taxonomy":"product_tag","embeddable":true,"href":"https:\/\/azumahia.store\/de\/wp-json\/wp\/v2\/product_tag?post=3871"}],"curies":[{"name":"wp","href":"https:\/\/api.w.org\/{rel}","templated":true}]}}